{"id":82,"date":"2022-11-17T11:30:40","date_gmt":"2022-11-17T10:30:40","guid":{"rendered":"http:\/\/apdialog.mediaworkers.de\/?page_id=82"},"modified":"2026-01-07T12:49:43","modified_gmt":"2026-01-07T11:49:43","slug":"datenschutz","status":"publish","type":"page","link":"https:\/\/apdialog.com\/de_at\/datenschutz\/","title":{"rendered":"Datenschutz"},"content":{"rendered":"<div data-elementor-type=\"wp-page\" data-elementor-id=\"82\" class=\"elementor elementor-82\" data-elementor-post-type=\"page\">\n\t\t\t\t<div class=\"elementor-element elementor-element-ec4a05f e-flex e-con-boxed e-con e-parent\" data-id=\"ec4a05f\" data-element_type=\"container\" data-e-type=\"container\" data-settings=\"{&quot;background_background&quot;:&quot;classic&quot;}\">\n\t\t\t\t\t<div class=\"e-con-inner\">\n\t\t<div class=\"elementor-element elementor-element-470c553 e-con-full e-flex e-con e-child\" data-id=\"470c553\" data-element_type=\"container\" data-e-type=\"container\">\n\t\t\t\t<div class=\"elementor-element elementor-element-528ce0b elementor-invisible elementor-widget elementor-widget-heading\" data-id=\"528ce0b\" data-element_type=\"widget\" data-e-type=\"widget\" data-settings=\"{&quot;_animation&quot;:&quot;fadeInLeft&quot;}\" data-widget_type=\"heading.default\">\n\t\t\t\t<div class=\"elementor-widget-container\">\n\t\t\t\t\t<h1 class=\"elementor-heading-title elementor-size-default\">Datenschutz<\/h1>\t\t\t\t<\/div>\n\t\t\t\t<\/div>\n\t\t\t\t<div class=\"elementor-element elementor-element-adb8c93 elementor-widget-divider--view-line elementor-widget elementor-widget-divider\" data-id=\"adb8c93\" data-element_type=\"widget\" data-e-type=\"widget\" data-widget_type=\"divider.default\">\n\t\t\t\t<div class=\"elementor-widget-container\">\n\t\t\t\t\t\t\t<div class=\"elementor-divider\">\n\t\t\t<span class=\"elementor-divider-separator\">\n\t\t\t\t\t\t<\/span>\n\t\t<\/div>\n\t\t\t\t\t\t<\/div>\n\t\t\t\t<\/div>\n\t\t\t\t<\/div>\n\t\t<div class=\"elementor-element elementor-element-a2e5111 e-con-full e-flex e-con e-child\" data-id=\"a2e5111\" data-element_type=\"container\" data-e-type=\"container\">\n\t\t\t\t<div class=\"elementor-element elementor-element-48d85a9 elementor-widget elementor-widget-heading\" data-id=\"48d85a9\" data-element_type=\"widget\" data-e-type=\"widget\" data-widget_type=\"heading.default\">\n\t\t\t\t<div class=\"elementor-widget-container\">\n\t\t\t\t\t<h4 class=\"elementor-heading-title elementor-size-default\">Allgemeine Hinweise<\/h4>\t\t\t\t<\/div>\n\t\t\t\t<\/div>\n\t\t\t\t<div class=\"elementor-element elementor-element-a4992a2 elementor-widget elementor-widget-text-editor\" data-id=\"a4992a2\" data-element_type=\"widget\" data-e-type=\"widget\" data-widget_type=\"text-editor.default\">\n\t\t\t\t<div class=\"elementor-widget-container\">\n\t\t\t\t\t\t\t\t\t<p>Diese <a title=\"Datenschutz\" href=\"https:\/\/apdialog.com\/wp-content\/uploads\/Datenschutz-AP-Dialog.pdf\" target=\"_blank\" rel=\"noopener\">Datenschutzerkl\u00e4rung<\/a> gilt f\u00fcr die AP Dialog AG, T\u00e4fernstrasse 11, 5405 Baden-D\u00e4ttwil und Ihren Standorten. Wir sind zum Schutz der Vertraulichkeit und der Geheimhaltung der uns anvertrauten Informationen verpflichtet.\u00a0<\/p><p>Wir halten die geltenden datenschutzrechtlichen Bestimmungen, insbesondere das Schweizer Bundesgesetz \u00fcber den Datenschutz (DSG) und der EU Datenschutz-Grundverordnung (DSGVO) ein.<\/p>\t\t\t\t\t\t\t\t<\/div>\n\t\t\t\t<\/div>\n\t\t\t\t<\/div>\n\t\t\t\t\t<\/div>\n\t\t\t\t<\/div>\n\t\t\t\t<\/div>","protected":false},"excerpt":{"rendered":"<p>Datenschutz Allgemeine Hinweise Diese Datenschutzerkl\u00e4rung gilt f\u00fcr die AP Dialog AG, T\u00e4fernstrasse 11, 5405 Baden-D\u00e4ttwil und Ihren Standorten. Wir sind zum Schutz der Vertraulichkeit und der Geheimhaltung der uns anvertrauten Informationen verpflichtet.\u00a0 Wir halten die geltenden datenschutzrechtlichen Bestimmungen, insbesondere das Schweizer Bundesgesetz \u00fcber den Datenschutz (DSG) und der EU Datenschutz-Grundverordnung (DSGVO) ein.<\/p>","protected":false},"author":2,"featured_media":0,"parent":0,"menu_order":0,"comment_status":"closed","ping_status":"closed","template":"","meta":{"footnotes":""},"class_list":["post-82","page","type-page","status-publish","hentry"],"_links":{"self":[{"href":"https:\/\/apdialog.com\/de_at\/wp-json\/wp\/v2\/pages\/82","targetHints":{"allow":["GET"]}}],"collection":[{"href":"https:\/\/apdialog.com\/de_at\/wp-json\/wp\/v2\/pages"}],"about":[{"href":"https:\/\/apdialog.com\/de_at\/wp-json\/wp\/v2\/types\/page"}],"author":[{"embeddable":true,"href":"https:\/\/apdialog.com\/de_at\/wp-json\/wp\/v2\/users\/2"}],"replies":[{"embeddable":true,"href":"https:\/\/apdialog.com\/de_at\/wp-json\/wp\/v2\/comments?post=82"}],"version-history":[{"count":10,"href":"https:\/\/apdialog.com\/de_at\/wp-json\/wp\/v2\/pages\/82\/revisions"}],"predecessor-version":[{"id":6640,"href":"https:\/\/apdialog.com\/de_at\/wp-json\/wp\/v2\/pages\/82\/revisions\/6640"}],"wp:attachment":[{"href":"https:\/\/apdialog.com\/de_at\/wp-json\/wp\/v2\/media?parent=82"}],"curies":[{"name":"wp","href":"https:\/\/api.w.org\/{rel}","templated":true}]}}